{"id":184,"date":"2024-07-09T15:13:15","date_gmt":"2024-07-09T13:13:15","guid":{"rendered":"https:\/\/vitres-teintees-saintetienne.fr\/?page_id=184"},"modified":"2024-07-09T15:19:09","modified_gmt":"2024-07-09T13:19:09","slug":"mentions-legales","status":"publish","type":"page","link":"https:\/\/vitres-teintees-saintetienne.fr\/?page_id=184","title":{"rendered":"Mentions l\u00e9gales"},"content":{"rendered":"\t\t<div data-elementor-type=\"wp-page\" data-elementor-id=\"184\" class=\"elementor elementor-184\" data-elementor-post-type=\"page\">\n\t\t\t\t<div class=\"elementor-element elementor-element-19fefa5 e-flex e-con-boxed e-con e-parent\" data-id=\"19fefa5\" data-element_type=\"container\" data-e-type=\"container\">\n\t\t\t\t\t<div class=\"e-con-inner\">\n\t\t\t\t<div class=\"elementor-element elementor-element-4ea73eb elementor-widget elementor-widget-text-editor\" data-id=\"4ea73eb\" data-element_type=\"widget\" data-e-type=\"widget\" data-widget_type=\"text-editor.default\">\n\t\t\t\t<div class=\"elementor-widget-container\">\n\t\t\t\t\t\t\t\t\t<h1>MENTIONS L\u00c9GALES<\/h1>\n<h1><span style=\"font-size: 16px;\">Nom de l\u2019entreprise : <\/span><strong style=\"font-size: 16px;\">SELECT AUTO PRO<\/strong><\/h1>\n\n\nAdresse : <strong>LA-TOUR-EN-JAREZ<\/strong><br>\n\nT\u00e9l. : <strong>+33 7 45 17 83 54<\/strong><br>\n\nEmail : <strong>selectauto42@outlook.fr<\/strong><br><br>\n\n<strong>Repr\u00e9sentant l\u00e9gal<\/strong><br>\n\nInscription au registre du commerce et des soci\u00e9t\u00e9s de Saint-Etienne<br>\n\nNum\u00e9ro d\u2019inscription : <strong>830304077<\/strong> R.C.S. Saint-Etienne\n\n<\/div>\n<\/div>\t\t\t\t\t\t\t\t<\/div>\n\t\t\t\t<\/div>\n\t\t\t\t\t<\/div>\n\t\t\t\t<\/div>\n\t\t\t\t<\/div>\n\t\t","protected":false},"excerpt":{"rendered":"<p>MENTIONS L\u00c9GALES Nom de l\u2019entreprise : SELECT AUTO PRO Adresse : LA-TOUR-EN-JAREZ T\u00e9l. : +33 7 45 17 83 54 Email : selectauto42@outlook.fr Repr\u00e9sentant l\u00e9gal Inscription au registre du commerce et des soci\u00e9t\u00e9s de Saint-Etienne Num\u00e9ro d\u2019inscription : 830304077 R.C.S. Saint-Etienne<\/p>\n","protected":false},"author":1,"featured_media":0,"parent":0,"menu_order":0,"comment_status":"closed","ping_status":"closed","template":"","meta":{"om_disable_all_campaigns":false,"_monsterinsights_skip_tracking":false,"_monsterinsights_sitenote_active":false,"_monsterinsights_sitenote_note":"","_monsterinsights_sitenote_category":0,"footnotes":""},"class_list":["post-184","page","type-page","status-publish","hentry"],"aioseo_notices":[],"_links":{"self":[{"href":"https:\/\/vitres-teintees-saintetienne.fr\/index.php?rest_route=\/wp\/v2\/pages\/184","targetHints":{"allow":["GET"]}}],"collection":[{"href":"https:\/\/vitres-teintees-saintetienne.fr\/index.php?rest_route=\/wp\/v2\/pages"}],"about":[{"href":"https:\/\/vitres-teintees-saintetienne.fr\/index.php?rest_route=\/wp\/v2\/types\/page"}],"author":[{"embeddable":true,"href":"https:\/\/vitres-teintees-saintetienne.fr\/index.php?rest_route=\/wp\/v2\/users\/1"}],"replies":[{"embeddable":true,"href":"https:\/\/vitres-teintees-saintetienne.fr\/index.php?rest_route=%2Fwp%2Fv2%2Fcomments&post=184"}],"version-history":[{"count":10,"href":"https:\/\/vitres-teintees-saintetienne.fr\/index.php?rest_route=\/wp\/v2\/pages\/184\/revisions"}],"predecessor-version":[{"id":194,"href":"https:\/\/vitres-teintees-saintetienne.fr\/index.php?rest_route=\/wp\/v2\/pages\/184\/revisions\/194"}],"wp:attachment":[{"href":"https:\/\/vitres-teintees-saintetienne.fr\/index.php?rest_route=%2Fwp%2Fv2%2Fmedia&parent=184"}],"curies":[{"name":"wp","href":"https:\/\/api.w.org\/{rel}","templated":true}]}}